{"id":6,"date":"2025-10-24T03:19:05","date_gmt":"2025-10-24T03:19:05","guid":{"rendered":"https:\/\/nguyenlamquan.com\/?page_id=6"},"modified":"2025-10-31T11:09:58","modified_gmt":"2025-10-31T11:09:58","slug":"trang-chu","status":"publish","type":"page","link":"https:\/\/nguyenlamquan.com\/","title":{"rendered":"Trang ch\u1ee7"},"content":{"rendered":"\n\t<section class=\"section\" id=\"section_1855169442\">\n\t\t<div class=\"section-bg fill\" >\n\t\t\t\t\t\t\t\t\t\n\t\t\t\n\n\t\t<\/div>\n\n\t\t\n\n\t\t<div class=\"section-content relative\">\n\t\t\t\n<div class=\"row row-full-width\"  id=\"row-18817426\">\n\n\t<div id=\"col-95695901\" class=\"col medium-4 small-12 large-4\"  >\n\t\t\t\t<div class=\"col-inner\"  >\n\t\t\t\n\t\t\t\n\t<div id=\"text-362769634\" class=\"text text-ceo\">\n\t\t\n<p>CEO<\/p>\n\t\t\n<style>\n#text-362769634 {\n  text-align: center;\n  color: rgb(15, 12, 12);\n}\n#text-362769634 > * {\n  color: rgb(15, 12, 12);\n}\n<\/style>\n\t<\/div>\n\t\n\t<div id=\"text-474870673\" class=\"text name-text\">\n\t\t\n<p>Nguy\u1ec5n<br \/>\nl\u00e2m qu\u00e2n<\/p>\n\t\t\t<\/div>\n\t\n\t<div class=\"img has-hover img-gradient x md-x lg-x y md-y lg-y\" id=\"image_1523654911\">\n\t\t\t\t\t\t\t\t<div class=\"img-inner dark\" >\n\t\t\t<img loading=\"lazy\" decoding=\"async\" width=\"884\" height=\"928\" src=\"https:\/\/nguyenlamquan.com\/wp-content\/uploads\/2025\/10\/Gradient.png\" class=\"attachment-original size-original\" alt=\"\" srcset=\"https:\/\/nguyenlamquan.com\/wp-content\/uploads\/2025\/10\/Gradient.png 884w, https:\/\/nguyenlamquan.com\/wp-content\/uploads\/2025\/10\/Gradient-286x300.png 286w, https:\/\/nguyenlamquan.com\/wp-content\/uploads\/2025\/10\/Gradient-768x806.png 768w\" sizes=\"auto, (max-width: 884px) 100vw, 884px\" \/>\t\t\t\t\t\t\n\t\t\t\t\t<\/div>\n\t\t\t\t\t\t\t\t\n<style>\n#image_1523654911 {\n  width: 100%;\n}\n<\/style>\n\t<\/div>\n\t\n\t\t<\/div>\n\t\t\t\t\t<\/div>\n\n\t\n\n\t<div id=\"col-1575339870\" class=\"col medium-4 small-12 large-4\"  >\n\t\t\t\t<div class=\"col-inner\"  >\n\t\t\t\n\t\t\t\n\t<div class=\"img has-hover x md-x lg-x y md-y lg-y\" id=\"image_1032840087\">\n\t\t\t\t\t\t\t\t<div class=\"img-inner dark\" >\n\t\t\t<img loading=\"lazy\" decoding=\"async\" width=\"426\" height=\"481\" src=\"https:\/\/nguyenlamquan.com\/wp-content\/uploads\/2025\/10\/imgframe.png\" class=\"attachment-original size-original\" alt=\"\" srcset=\"https:\/\/nguyenlamquan.com\/wp-content\/uploads\/2025\/10\/imgframe.png 426w, https:\/\/nguyenlamquan.com\/wp-content\/uploads\/2025\/10\/imgframe-266x300.png 266w\" sizes=\"auto, (max-width: 426px) 100vw, 426px\" \/>\t\t\t\t\t\t\n\t\t\t\t\t<\/div>\n\t\t\t\t\t\t\t\t\n<style>\n#image_1032840087 {\n  width: 100%;\n}\n<\/style>\n\t<\/div>\n\t\n\t\t<\/div>\n\t\t\t\t\t<\/div>\n\n\t\n\n\t<div id=\"col-969972147\" class=\"col medium-4 small-12 large-4\"  >\n\t\t\t\t<div class=\"col-inner\"  >\n\t\t\t\n\t\t\t\n\t<div id=\"text-744306734\" class=\"text text1\">\n\t\t\n<p>Gi\u1ea3i ph\u00e1p Marketing <span style=\"color: #00ff80;\">t\u0103ng tr\u01b0\u1edfng doanh thu<\/span><\/p>\n\t\t\n<style>\n#text-744306734 {\n  text-align: right;\n}\n<\/style>\n\t<\/div>\n\t\n\t<div id=\"text-612388228\" class=\"text text2\">\n\t\t\n<p class=\"alt-font\">Chuy\u00ean thi\u1ebft k\u1ebf Website, SEO, ADS, \u0111\u00e0o t\u1ea1o 1-1 th\u1ef1c chi\u1ebfn<\/p>\n\t\t\n<style>\n#text-612388228 {\n  text-align: right;\n}\n<\/style>\n\t<\/div>\n\t\n\t\t<\/div>\n\t\t\t\t\t<\/div>\n\n\t\n<\/div>\n\t\t<\/div>\n\n\t\t\n<style>\n#section_1855169442 {\n  padding-top: 30px;\n  padding-bottom: 30px;\n}\n<\/style>\n\t<\/section>\n\t\n\n\t<section class=\"section no-margin-p\" id=\"section_363487722\">\n\t\t<div class=\"section-bg fill\" >\n\t\t\t\t\t\t\t\t\t\n\t\t\t\n\n\t\t<\/div>\n\n\t\t\n\n\t\t<div class=\"section-content relative\">\n\t\t\t\n<div class=\"row\"  id=\"row-196507623\">\n\n\t<div id=\"col-1700403610\" class=\"col medium-4 small-12 large-4\"  >\n\t\t\t\t<div class=\"col-inner text-center\"  >\n\t\t\t\n\t\t\t\n\t<div id=\"text-278415871\" class=\"text chart-num\">\n\t\t\n<p class=\"alt-font\"><span class=\"count-up\">5<\/span><span style=\"color: #00ff80;\">+<\/span><\/p>\n\t\t\t<\/div>\n\t\n\t<div id=\"text-1070892527\" class=\"text chart-text\">\n\t\t\n<p>N\u0103m kinh nghi\u1ec7m<\/p>\n\t\t\t<\/div>\n\t\n\t\t<\/div>\n\t\t\t\t\t<\/div>\n\n\t\n\n\t<div id=\"col-1920660833\" class=\"col medium-4 small-12 large-4\"  >\n\t\t\t\t<div class=\"col-inner text-center\"  >\n\t\t\t\n\t\t\t\n\t<div id=\"text-624043236\" class=\"text chart-num\">\n\t\t\n<p class=\"alt-font\"><span class=\"count-up\">100<\/span><span style=\"color: #00ff80;\">+<\/span><\/p>\n\t\t\t<\/div>\n\t\n\t<div id=\"text-4099851279\" class=\"text chart-text\">\n\t\t\n<p>D\u1ef1 \u00e1n th\u00e0nh c\u00f4ng<\/p>\n\t\t\t<\/div>\n\t\n\t\t<\/div>\n\t\t\t\t\t<\/div>\n\n\t\n\n\t<div id=\"col-1169808258\" class=\"col medium-4 small-12 large-4\"  >\n\t\t\t\t<div class=\"col-inner text-center\"  >\n\t\t\t\n\t\t\t\n\t<div id=\"text-1616490254\" class=\"text chart-num\">\n\t\t\n<p class=\"alt-font\"><span class=\"count-up\">200<\/span><span style=\"color: #00ff80;\">+<\/span><\/p>\n\t\t\t<\/div>\n\t\n\t<div id=\"text-4053912128\" class=\"text chart-text\">\n\t\t\n<p>H\u1ecdc vi\u00ean 1:1<\/p>\n\t\t\t<\/div>\n\t\n\t\t<\/div>\n\t\t\t\t\t<\/div>\n\n\t\n<\/div>\n\t\t<\/div>\n\n\t\t\n<style>\n#section_363487722 {\n  padding-top: 30px;\n  padding-bottom: 30px;\n}\n<\/style>\n\t<\/section>\n\t\n\n\t<section class=\"section about-sec\" id=\"section_1613671536\">\n\t\t<div class=\"section-bg fill\" >\n\t\t\t\t\t\t\t\t\t\n\t\t\t\n\n\t\t<\/div>\n\n\t\t\n\n\t\t<div class=\"section-content relative\">\n\t\t\t\n<div class=\"row row-collapse row-full-width row1\"  id=\"row-1930988619\">\n\n\t<div id=\"col-898956078\" class=\"col small-12 large-12\"  >\n\t\t\t\t<div class=\"col-inner text-center\"  >\n\t\t\t\n\t\t\t\n\t<div id=\"text-148820835\" class=\"text text38\">\n\t\t\n<p>Gi\u00fap doanh nghi\u1ec7p t\u1ed1i \u01b0u chi\u1ebfn l\u01b0\u1ee3c, ti\u1ebft<\/br>ki\u1ec7m chi ph\u00ed, t\u0103ng tr\u01b0\u1edfng doanh s\u1ed1<\/p>\n\t\t\n<style>\n#text-148820835 {\n  text-align: center;\n}\n<\/style>\n\t<\/div>\n\t\n<a class=\"button primary lowercase btn-green icon-arrow\" style=\"border-radius:99px;\">\n\t\t<span>\u0110\u0103ng k\u00fd t\u01b0 v\u1ea5n mi\u1ec5n ph\u00ed ngay h\u00f4m nay<\/span>\n\t<\/a>\n\n\t\t<\/div>\n\t\t\t\t\t<\/div>\n\n\t\n<\/div>\n\t<div id=\"gap-1451865312\" class=\"gap-element clearfix\" style=\"display:block; height:auto;\">\n\t\t\n<style>\n#gap-1451865312 {\n  padding-top: 82px;\n}\n<\/style>\n\t<\/div>\n\t\n<div class=\"row row2\"  id=\"row-447541869\">\n\n\t<div id=\"col-517807715\" class=\"col medium-9 small-12 large-9\"  >\n\t\t\t\t<div class=\"col-inner\"  >\n\t\t\t\n\t\t\t\n\t<div id=\"text-989450097\" class=\"text sec-title\">\n\t\t\n<h2>V\u1ec0 T\u00d4I &#8211; NGUY\u1ec4N L\u00c2M QU\u00c2N<\/h2>\n\t\t\t<\/div>\n\t\n\t<div id=\"text-858336039\" class=\"text sec-content\">\n\t\t\n<p>I specialize in creating brands and products that prioritize people. My expertise lies in crafting user-centered designs and intuitive experiences that resonate with audiences. I focus on understanding user needs, leveraging my skills to build meaningful connections through design and development. I specialize in creating brands and products that prioritize people. My expertise lies in crafting user-centered designs and intuitive experiences that resonate with audiences. I focus on understanding user needs, leveraging my skills to build meaningful connections through design and development.<\/p>\n\t\t\t<\/div>\n\t\n\t<div id=\"text-510940640\" class=\"text blockquote\">\n\t\t\n<blockquote>\n<p>Kh\u00f4ng ch\u1ec9 ch\u1ea1y qu\u1ea3ng c\u00e1o \u2013 t\u00f4i gi\u00fap b\u1ea1n x\u00e2y d\u1ef1ng h\u1ec7 th\u1ed1ng marketing b\u1ec1n v\u1eefng, \u0111o l\u01b0\u1eddng hi\u1ec7u qu\u1ea3 r\u00f5 r\u00e0ng<\/p>\n<\/blockquote>\n\t\t\t<\/div>\n\t\n\t\t<\/div>\n\t\t\t\t\t<\/div>\n\n\t\n\n\t<div id=\"col-1431171429\" class=\"col medium-3 small-12 large-3\"  >\n\t\t\t\t<div class=\"col-inner\"  >\n\t\t\t\n\t\t\t\n\t<div id=\"text-824487145\" class=\"text chart-num no-margin-p\">\n\t\t\n<p class=\"alt-font\"><span style=\"color: #00ff80;\">+<\/span><span class=\"count-up\">250<\/span>%<\/p>\n\t\t\t<\/div>\n\t\n\t<div id=\"text-2952697066\" class=\"text chart-text\">\n\t\t\n<p>Doanh thu<\/p>\n\t\t\n<style>\n#text-2952697066 {\n  text-align: center;\n}\n<\/style>\n\t<\/div>\n\t\n\t<div id=\"text-3545221627\" class=\"text chart-num no-margin-p\">\n\t\t\n<p class=\"alt-font\"><span style=\"color: #00ff80;\">+<\/span><span class=\"count-up\">120<\/span>%<\/p>\n\t\t\t<\/div>\n\t\n\t<div id=\"text-901820459\" class=\"text chart-text\">\n\t\t\n<p>Chuy\u1ec3n \u0111\u1ed5i<\/p>\n\t\t\n<style>\n#text-901820459 {\n  text-align: center;\n}\n<\/style>\n\t<\/div>\n\t\n\t<div id=\"text-2886947331\" class=\"text chart-num no-margin-p\">\n\t\t\n<p class=\"alt-font\"><span style=\"color: #00ff80;\">+<\/span><span class=\"count-up\">30<\/span><\/p>\n\t\t\t<\/div>\n\t\n\t<div id=\"text-2208437826\" class=\"text chart-text\">\n\t\t\n<p>\u0110\u1ed1i t\u00e1c<\/p>\n\t\t\n<style>\n#text-2208437826 {\n  text-align: center;\n}\n<\/style>\n\t<\/div>\n\t\n\t\t<\/div>\n\t\t\t\t\t<\/div>\n\n\t\n<\/div>\n\n<p><canvas id=\"globeCanvas\" aria-hidden=\"true\"><\/canvas><br \/>\n\n\t<div class=\"img has-hover img-gradient right x md-x lg-x y md-y lg-y\" id=\"image_295750531\">\n\t\t\t\t\t\t\t\t<div class=\"img-inner dark\" >\n\t\t\t<img loading=\"lazy\" decoding=\"async\" width=\"623\" height=\"1024\" src=\"https:\/\/nguyenlamquan.com\/wp-content\/uploads\/2025\/10\/Ellipse6.png\" class=\"attachment-original size-original\" alt=\"\" srcset=\"https:\/\/nguyenlamquan.com\/wp-content\/uploads\/2025\/10\/Ellipse6.png 623w, https:\/\/nguyenlamquan.com\/wp-content\/uploads\/2025\/10\/Ellipse6-183x300.png 183w\" sizes=\"auto, (max-width: 623px) 100vw, 623px\" \/>\t\t\t\t\t\t\n\t\t\t\t\t<\/div>\n\t\t\t\t\t\t\t\t\n<style>\n#image_295750531 {\n  width: 100%;\n}\n<\/style>\n\t<\/div>\n\t\n\t\t<\/div>\n\n\t\t\n<style>\n#section_1613671536 {\n  padding-top: 30px;\n  padding-bottom: 30px;\n}\n<\/style>\n\t<\/section>\n\t\n\n\t<section class=\"section service full-right\" id=\"section_312487236\">\n\t\t<div class=\"section-bg fill\" >\n\t\t\t\t\t\t\t\t\t\n\t\t\t\n\n\t\t<\/div>\n\n\t\t\n\n\t\t<div class=\"section-content relative\">\n\t\t\t\n<div class=\"row row-full-width\"  id=\"row-200251531\">\n\n\t<div id=\"col-1101243261\" class=\"col medium-6 small-12 large-6\"  >\n\t\t\t\t<div class=\"col-inner\"  >\n\t\t\t\n\t\t\t\n\t<div id=\"text-1977551908\" class=\"text sec-title\">\n\t\t\n<h2>D\u1ecaCH V\u1ee4<\/h2>\n\t\t\t<\/div>\n\t\n<p>I specialize in creating brands and products that prioritize people. My expertise lies in crafting user-centered designs and intuitive experiences that resonate with audiences. I focus on understanding user needs, leveraging my skills to build meaningful connections through design and development.<\/p>\n\t\t<\/div>\n\t\t\t\t\t<\/div>\n\n\t\n\n\t<div id=\"col-384418609\" class=\"col col-slide medium-6 small-12 large-6\"  >\n\t\t\t\t<div class=\"col-inner\"  >\n\t\t\t\n\t\t\t\n<div class=\"slider-wrapper relative\" id=\"slider-1436949104\" >\n    <div class=\"slider slider-nav-circle slider-nav-large slider-nav-light slider-style-normal\"\n        data-flickity-options='{\n            \"cellAlign\": \"center\",\n            \"imagesLoaded\": true,\n            \"lazyLoad\": 1,\n            \"freeScroll\": false,\n            \"wrapAround\": true,\n            \"autoPlay\": 6000,\n            \"pauseAutoPlayOnHover\" : true,\n            \"prevNextButtons\": true,\n            \"contain\" : true,\n            \"adaptiveHeight\" : true,\n            \"dragThreshold\" : 10,\n            \"percentPosition\": true,\n            \"pageDots\": true,\n            \"rightToLeft\": false,\n            \"draggable\": true,\n            \"selectedAttraction\": 0.1,\n            \"parallax\" : 0,\n            \"friction\": 0.6        }'\n        >\n        \n<div class=\"row row-collapse row-full-width\"  id=\"row-1935660264\">\n\n\t<div id=\"col-1582811941\" class=\"col small-12 large-12\"  >\n\t\t\t\t<div class=\"col-inner\"  >\n\t\t\t\n\t\t\t\n\t<div class=\"website-lightbox-box text-center\">\r\n\t\t<!-- N\u00fat k\u00edch ho\u1ea1t -->\r\n\t\t<a href=\"#lightbox_69e3594559261\" class=\"lightbox-link\">\r\n            <img decoding=\"async\" src=\"https:\/\/nguyenlamquan.com\/wp-content\/uploads\/2025\/10\/website.png\" alt=\"Website\" class=\"w-full rounded-lg\">\r\n\t\t<\/a>\r\n\t\t<!-- N\u1ed9i dung lightbox -->\r\n\t\t<div id=\"lightbox_69e3594559261\" class=\"lightbox-by-id lightbox-service mfp-hide\">\r\n\t\t\t<div class=\"box-inner\">\r\n\t\t\t\t\t\t\t\t\t<figure class=\"thumb\">\r\n\t\t\t\t\t\t<img decoding=\"async\" src=\"https:\/\/nguyenlamquan.com\/wp-content\/uploads\/2025\/10\/web-frame.png\" alt=\"\" class=\"rounded-lg mb-4 w-full\">\r\n\t\t\t\t\t<\/figure>\r\n\t\t\t\t                <div class=\"box-desc\">\r\n\t\t\t\t\t<h3>Website<\/h3>\r\n\t\t\t\t\t<p>I specialize in creating brands and products that prioritize people. My expertise lies in crafting user-centered designs and intuitive experiences that resonate with audiences. I focus on understanding user needs, leveraging my skills to build meaningful connections through design and development. I specialize in creating brands and products that prioritize people. My expertise lies in crafting user-centered designs and intuitive experiences that resonate with audiences. I focus on understanding user needs, leveraging my skills to build meaningful connections through design and development.<\/p>\r\n                <\/div>\r\n\t\t\t<\/div>\r\n\t\t<\/div>\r\n\t<\/div>\r\n\t\n\t<div class=\"website-lightbox-box text-center\">\r\n\t\t<!-- N\u00fat k\u00edch ho\u1ea1t -->\r\n\t\t<a href=\"#lightbox_69e3594559649\" class=\"lightbox-link\">\r\n            <img decoding=\"async\" src=\"https:\/\/nguyenlamquan.com\/wp-content\/uploads\/2025\/10\/coaching.png\" alt=\"Coaching 1:1\" class=\"w-full rounded-lg\">\r\n\t\t<\/a>\r\n\t\t<!-- N\u1ed9i dung lightbox -->\r\n\t\t<div id=\"lightbox_69e3594559649\" class=\"lightbox-by-id lightbox-service mfp-hide\">\r\n\t\t\t<div class=\"box-inner\">\r\n\t\t\t\t\t\t\t\t\t<figure class=\"thumb\">\r\n\t\t\t\t\t\t<img decoding=\"async\" src=\"https:\/\/nguyenlamquan.com\/wp-content\/uploads\/2025\/10\/web-frame.png\" alt=\"\" class=\"rounded-lg mb-4 w-full\">\r\n\t\t\t\t\t<\/figure>\r\n\t\t\t\t                <div class=\"box-desc\">\r\n\t\t\t\t\t<h3>Coaching 1:1<\/h3>\r\n\t\t\t\t\t<p>I specialize in creating brands and products that prioritize people. My expertise lies in crafting user-centered designs and intuitive experiences that resonate with audiences. I focus on understanding user needs, leveraging my skills to build meaningful connections through design and development. I specialize in creating brands and products that prioritize people. My expertise lies in crafting user-centered designs and intuitive experiences that resonate with audiences. I focus on understanding user needs, leveraging my skills to build meaningful connections through design and development.<\/p>\r\n                <\/div>\r\n\t\t\t<\/div>\r\n\t\t<\/div>\r\n\t<\/div>\r\n\t\n\t\t<\/div>\n\t\t\t\t\t<\/div>\n\n\t\n<\/div>\n<div class=\"row row-collapse row-full-width\"  id=\"row-1013459325\">\n\n\t<div id=\"col-1702435028\" class=\"col small-12 large-12\"  >\n\t\t\t\t<div class=\"col-inner\"  >\n\t\t\t\n\t\t\t\n\t<div class=\"website-lightbox-box text-center\">\r\n\t\t<!-- N\u00fat k\u00edch ho\u1ea1t -->\r\n\t\t<a href=\"#lightbox_69e35945599b8\" class=\"lightbox-link\">\r\n            <img decoding=\"async\" src=\"https:\/\/nguyenlamquan.com\/wp-content\/uploads\/2025\/10\/tiktok.png\" alt=\"Tiktok Marketing\" class=\"w-full rounded-lg\">\r\n\t\t<\/a>\r\n\t\t<!-- N\u1ed9i dung lightbox -->\r\n\t\t<div id=\"lightbox_69e35945599b8\" class=\"lightbox-by-id lightbox-service mfp-hide\">\r\n\t\t\t<div class=\"box-inner\">\r\n\t\t\t\t\t\t\t\t\t<figure class=\"thumb\">\r\n\t\t\t\t\t\t<img decoding=\"async\" src=\"https:\/\/nguyenlamquan.com\/wp-content\/uploads\/2025\/10\/web-frame.png\" alt=\"\" class=\"rounded-lg mb-4 w-full\">\r\n\t\t\t\t\t<\/figure>\r\n\t\t\t\t                <div class=\"box-desc\">\r\n\t\t\t\t\t<h3>Tiktok Marketing<\/h3>\r\n\t\t\t\t\t<p>I specialize in creating brands and products that prioritize people. My expertise lies in crafting user-centered designs and intuitive experiences that resonate with audiences. I focus on understanding user needs, leveraging my skills to build meaningful connections through design and development. I specialize in creating brands and products that prioritize people. My expertise lies in crafting user-centered designs and intuitive experiences that resonate with audiences. I focus on understanding user needs, leveraging my skills to build meaningful connections through design and development.<\/p>\r\n                <\/div>\r\n\t\t\t<\/div>\r\n\t\t<\/div>\r\n\t<\/div>\r\n\t\n\t<div class=\"website-lightbox-box text-center\">\r\n\t\t<!-- N\u00fat k\u00edch ho\u1ea1t -->\r\n\t\t<a href=\"#lightbox_69e3594559bd3\" class=\"lightbox-link\">\r\n            <img decoding=\"async\" src=\"https:\/\/nguyenlamquan.com\/wp-content\/uploads\/2025\/10\/google-marketing.png\" alt=\"Google Marketing\" class=\"w-full rounded-lg\">\r\n\t\t<\/a>\r\n\t\t<!-- N\u1ed9i dung lightbox -->\r\n\t\t<div id=\"lightbox_69e3594559bd3\" class=\"lightbox-by-id lightbox-service mfp-hide\">\r\n\t\t\t<div class=\"box-inner\">\r\n\t\t\t\t\t\t\t\t\t<figure class=\"thumb\">\r\n\t\t\t\t\t\t<img decoding=\"async\" src=\"https:\/\/nguyenlamquan.com\/wp-content\/uploads\/2025\/10\/web-frame.png\" alt=\"\" class=\"rounded-lg mb-4 w-full\">\r\n\t\t\t\t\t<\/figure>\r\n\t\t\t\t                <div class=\"box-desc\">\r\n\t\t\t\t\t<h3>Google Marketing<\/h3>\r\n\t\t\t\t\t<p>I specialize in creating brands and products that prioritize people. My expertise lies in crafting user-centered designs and intuitive experiences that resonate with audiences. I focus on understanding user needs, leveraging my skills to build meaningful connections through design and development. I specialize in creating brands and products that prioritize people. My expertise lies in crafting user-centered designs and intuitive experiences that resonate with audiences. I focus on understanding user needs, leveraging my skills to build meaningful connections through design and development.<\/p>\r\n                <\/div>\r\n\t\t\t<\/div>\r\n\t\t<\/div>\r\n\t<\/div>\r\n\t\n\t\t<\/div>\n\t\t\t\t\t<\/div>\n\n\t\n<\/div>\n     <\/div>\n\n     <div class=\"loading-spin dark large centered\"><\/div>\n\n\t<\/div>\n\n\n\t\t<\/div>\n\t\t\t\t\t<\/div>\n\n\t\n<\/div>\n\t\t<\/div>\n\n\t\t\n<style>\n#section_312487236 {\n  padding-top: 30px;\n  padding-bottom: 30px;\n}\n<\/style>\n\t<\/section>\n\t\n","protected":false},"excerpt":{"rendered":"","protected":false},"author":1,"featured_media":0,"parent":0,"menu_order":0,"comment_status":"closed","ping_status":"closed","template":"page-blank.php","meta":{"footnotes":""},"class_list":["post-6","page","type-page","status-publish","hentry"],"_links":{"self":[{"href":"https:\/\/nguyenlamquan.com\/index.php\/wp-json\/wp\/v2\/pages\/6","targetHints":{"allow":["GET"]}}],"collection":[{"href":"https:\/\/nguyenlamquan.com\/index.php\/wp-json\/wp\/v2\/pages"}],"about":[{"href":"https:\/\/nguyenlamquan.com\/index.php\/wp-json\/wp\/v2\/types\/page"}],"author":[{"embeddable":true,"href":"https:\/\/nguyenlamquan.com\/index.php\/wp-json\/wp\/v2\/users\/1"}],"replies":[{"embeddable":true,"href":"https:\/\/nguyenlamquan.com\/index.php\/wp-json\/wp\/v2\/comments?post=6"}],"version-history":[{"count":62,"href":"https:\/\/nguyenlamquan.com\/index.php\/wp-json\/wp\/v2\/pages\/6\/revisions"}],"predecessor-version":[{"id":107,"href":"https:\/\/nguyenlamquan.com\/index.php\/wp-json\/wp\/v2\/pages\/6\/revisions\/107"}],"wp:attachment":[{"href":"https:\/\/nguyenlamquan.com\/index.php\/wp-json\/wp\/v2\/media?parent=6"}],"curies":[{"name":"wp","href":"https:\/\/api.w.org\/{rel}","templated":true}]}}